{"id":2,"date":"2024-08-27T20:16:16","date_gmt":"2024-08-27T18:16:16","guid":{"rendered":"http:\/\/equitheragir.fr\/?page_id=2"},"modified":"2024-10-15T08:49:47","modified_gmt":"2024-10-15T06:49:47","slug":"se-contacter","status":"publish","type":"page","link":"https:\/\/equitheragir.fr\/index.php\/se-contacter\/","title":{"rendered":"Contact"},"content":{"rendered":"\n<div class=\"wp-block-columns is-layout-flex wp-container-core-columns-is-layout-28f84493 wp-block-columns-is-layout-flex\">\n<div class=\"wp-block-column is-layout-flow wp-block-column-is-layout-flow\">\n<p>Elodie JEAN<\/p>\n\n\n\n<p><\/p>\n\n\n\n<p>07 87 85 06 01<\/p>\n\n\n\n<p><a href=\"mailto:contact@equitheragir.fr\">contact@equitheragir.fr<\/a><\/p>\n\n\n\n<p><\/p>\n<\/div>\n\n\n\n<div class=\"wp-block-column is-layout-flow wp-block-column-is-layout-flow\">\n<figure class=\"wp-block-image size-full\"><img loading=\"lazy\" decoding=\"async\" width=\"1501\" height=\"1501\" src=\"https:\/\/equitheragir.fr\/wp-content\/uploads\/2024\/10\/RS_facebook-white.jpg\" alt=\"Logo de l\u2019entreprise \u201cEquither\u2019Agir\u201d, sp\u00e9cialis\u00e9e en \u00e9quith\u00e9rapie et m\u00e9diation \u00e9quine. Le logo repr\u00e9sente un cheval stylis\u00e9 de profil, qui semble interagir affectueusement avec une personne. Le nom de l\u2019entreprise est inscrit \u00e0 droite, avec \u201c\u00c9quither\u2019\u201d en lettres bleues majuscules et \u201cagir\u201d en lettres cursives jaunes.\" class=\"wp-image-56\" srcset=\"https:\/\/equitheragir.fr\/wp-content\/uploads\/2024\/10\/RS_facebook-white.jpg 1501w, https:\/\/equitheragir.fr\/wp-content\/uploads\/2024\/10\/RS_facebook-white-300x300.jpg 300w, https:\/\/equitheragir.fr\/wp-content\/uploads\/2024\/10\/RS_facebook-white-1024x1024.jpg 1024w, https:\/\/equitheragir.fr\/wp-content\/uploads\/2024\/10\/RS_facebook-white-150x150.jpg 150w, https:\/\/equitheragir.fr\/wp-content\/uploads\/2024\/10\/RS_facebook-white-768x768.jpg 768w\" sizes=\"auto, (max-width: 1501px) 100vw, 1501px\" \/><\/figure>\n<\/div>\n<\/div>\n\n\n\n<p><\/p>\n","protected":false},"excerpt":{"rendered":"<p>Elodie JEAN 07 87 85 06 01 contact@equitheragir.fr<\/p>\n","protected":false},"author":1,"featured_media":0,"parent":0,"menu_order":0,"comment_status":"closed","ping_status":"closed","template":"","meta":{"footnotes":""},"class_list":["post-2","page","type-page","status-publish","hentry"],"yoast_head":"<!-- This site is optimized with the Yoast SEO plugin v23.6 - https:\/\/yoast.com\/wordpress\/plugins\/seo\/ -->\n<title>Contact - \u00c9quith\u00e9r&#039;Agir<\/title>\n<meta name=\"robots\" content=\"index, follow, max-snippet:-1, max-image-preview:large, max-video-preview:-1\" \/>\n<link rel=\"canonical\" href=\"https:\/\/equitheragir.fr\/index.php\/se-contacter\/\" \/>\n<meta property=\"og:locale\" content=\"fr_FR\" \/>\n<meta property=\"og:type\" content=\"article\" \/>\n<meta property=\"og:title\" content=\"Contact - \u00c9quith\u00e9r&#039;Agir\" \/>\n<meta property=\"og:description\" content=\"Elodie JEAN 07 87 85 06 01 contact@equitheragir.fr\" \/>\n<meta property=\"og:url\" content=\"https:\/\/equitheragir.fr\/index.php\/se-contacter\/\" \/>\n<meta property=\"og:site_name\" content=\"\u00c9quith\u00e9r&#039;Agir\" \/>\n<meta property=\"article:modified_time\" content=\"2024-10-15T06:49:47+00:00\" \/>\n<meta property=\"og:image\" content=\"https:\/\/equitheragir.fr\/wp-content\/uploads\/2024\/10\/RS_facebook-white.jpg\" \/>\n\t<meta property=\"og:image:width\" content=\"1501\" \/>\n\t<meta property=\"og:image:height\" content=\"1501\" \/>\n\t<meta property=\"og:image:type\" content=\"image\/jpeg\" \/>\n<meta name=\"twitter:card\" content=\"summary_large_image\" \/>\n<script type=\"application\/ld+json\" class=\"yoast-schema-graph\">{\"@context\":\"https:\/\/schema.org\",\"@graph\":[{\"@type\":\"WebPage\",\"@id\":\"https:\/\/equitheragir.fr\/index.php\/se-contacter\/\",\"url\":\"https:\/\/equitheragir.fr\/index.php\/se-contacter\/\",\"name\":\"Contact - \u00c9quith\u00e9r&#039;Agir\",\"isPartOf\":{\"@id\":\"https:\/\/equitheragir.fr\/#website\"},\"primaryImageOfPage\":{\"@id\":\"https:\/\/equitheragir.fr\/index.php\/se-contacter\/#primaryimage\"},\"image\":{\"@id\":\"https:\/\/equitheragir.fr\/index.php\/se-contacter\/#primaryimage\"},\"thumbnailUrl\":\"https:\/\/equitheragir.fr\/wp-content\/uploads\/2024\/10\/RS_facebook-white.jpg\",\"datePublished\":\"2024-08-27T18:16:16+00:00\",\"dateModified\":\"2024-10-15T06:49:47+00:00\",\"breadcrumb\":{\"@id\":\"https:\/\/equitheragir.fr\/index.php\/se-contacter\/#breadcrumb\"},\"inLanguage\":\"fr-FR\",\"potentialAction\":[{\"@type\":\"ReadAction\",\"target\":[\"https:\/\/equitheragir.fr\/index.php\/se-contacter\/\"]}]},{\"@type\":\"ImageObject\",\"inLanguage\":\"fr-FR\",\"@id\":\"https:\/\/equitheragir.fr\/index.php\/se-contacter\/#primaryimage\",\"url\":\"https:\/\/equitheragir.fr\/wp-content\/uploads\/2024\/10\/RS_facebook-white.jpg\",\"contentUrl\":\"https:\/\/equitheragir.fr\/wp-content\/uploads\/2024\/10\/RS_facebook-white.jpg\",\"width\":1501,\"height\":1501,\"caption\":\"Logo de l\u2019entreprise \u201cEquither\u2019Agir\u201d, sp\u00e9cialis\u00e9e en \u00e9quith\u00e9rapie et m\u00e9diation \u00e9quine. Le logo repr\u00e9sente un cheval stylis\u00e9 de profil, qui semble interagir affectueusement avec une personne. Le nom de l\u2019entreprise est inscrit \u00e0 droite, avec \u201c\u00c9quither\u2019\u201d en lettres bleues majuscules et \u201cagir\u201d en lettres cursives jaunes.\"},{\"@type\":\"BreadcrumbList\",\"@id\":\"https:\/\/equitheragir.fr\/index.php\/se-contacter\/#breadcrumb\",\"itemListElement\":[{\"@type\":\"ListItem\",\"position\":1,\"name\":\"Accueil\",\"item\":\"https:\/\/equitheragir.fr\/\"},{\"@type\":\"ListItem\",\"position\":2,\"name\":\"Contact\"}]},{\"@type\":\"WebSite\",\"@id\":\"https:\/\/equitheragir.fr\/#website\",\"url\":\"https:\/\/equitheragir.fr\/\",\"name\":\"Equither'agir\",\"description\":\"\u00c9quith\u00e9rapie et M\u00e9diation \u00c9quine\",\"publisher\":{\"@id\":\"https:\/\/equitheragir.fr\/#organization\"},\"potentialAction\":[{\"@type\":\"SearchAction\",\"target\":{\"@type\":\"EntryPoint\",\"urlTemplate\":\"https:\/\/equitheragir.fr\/?s={search_term_string}\"},\"query-input\":{\"@type\":\"PropertyValueSpecification\",\"valueRequired\":true,\"valueName\":\"search_term_string\"}}],\"inLanguage\":\"fr-FR\"},{\"@type\":\"Organization\",\"@id\":\"https:\/\/equitheragir.fr\/#organization\",\"name\":\"Equither'agir\",\"url\":\"https:\/\/equitheragir.fr\/\",\"logo\":{\"@type\":\"ImageObject\",\"inLanguage\":\"fr-FR\",\"@id\":\"https:\/\/equitheragir.fr\/#\/schema\/logo\/image\/\",\"url\":\"https:\/\/equitheragir.fr\/wp-content\/uploads\/2024\/10\/cropped-RS_facebook-white.jpg\",\"contentUrl\":\"https:\/\/equitheragir.fr\/wp-content\/uploads\/2024\/10\/cropped-RS_facebook-white.jpg\",\"width\":512,\"height\":512,\"caption\":\"Equither'agir\"},\"image\":{\"@id\":\"https:\/\/equitheragir.fr\/#\/schema\/logo\/image\/\"}}]}<\/script>\n<!-- \/ Yoast SEO plugin. -->","yoast_head_json":{"title":"Contact - \u00c9quith\u00e9r&#039;Agir","robots":{"index":"index","follow":"follow","max-snippet":"max-snippet:-1","max-image-preview":"max-image-preview:large","max-video-preview":"max-video-preview:-1"},"canonical":"https:\/\/equitheragir.fr\/index.php\/se-contacter\/","og_locale":"fr_FR","og_type":"article","og_title":"Contact - \u00c9quith\u00e9r&#039;Agir","og_description":"Elodie JEAN 07 87 85 06 01 contact@equitheragir.fr","og_url":"https:\/\/equitheragir.fr\/index.php\/se-contacter\/","og_site_name":"\u00c9quith\u00e9r&#039;Agir","article_modified_time":"2024-10-15T06:49:47+00:00","og_image":[{"width":1501,"height":1501,"url":"https:\/\/equitheragir.fr\/wp-content\/uploads\/2024\/10\/RS_facebook-white.jpg","type":"image\/jpeg"}],"twitter_card":"summary_large_image","schema":{"@context":"https:\/\/schema.org","@graph":[{"@type":"WebPage","@id":"https:\/\/equitheragir.fr\/index.php\/se-contacter\/","url":"https:\/\/equitheragir.fr\/index.php\/se-contacter\/","name":"Contact - \u00c9quith\u00e9r&#039;Agir","isPartOf":{"@id":"https:\/\/equitheragir.fr\/#website"},"primaryImageOfPage":{"@id":"https:\/\/equitheragir.fr\/index.php\/se-contacter\/#primaryimage"},"image":{"@id":"https:\/\/equitheragir.fr\/index.php\/se-contacter\/#primaryimage"},"thumbnailUrl":"https:\/\/equitheragir.fr\/wp-content\/uploads\/2024\/10\/RS_facebook-white.jpg","datePublished":"2024-08-27T18:16:16+00:00","dateModified":"2024-10-15T06:49:47+00:00","breadcrumb":{"@id":"https:\/\/equitheragir.fr\/index.php\/se-contacter\/#breadcrumb"},"inLanguage":"fr-FR","potentialAction":[{"@type":"ReadAction","target":["https:\/\/equitheragir.fr\/index.php\/se-contacter\/"]}]},{"@type":"ImageObject","inLanguage":"fr-FR","@id":"https:\/\/equitheragir.fr\/index.php\/se-contacter\/#primaryimage","url":"https:\/\/equitheragir.fr\/wp-content\/uploads\/2024\/10\/RS_facebook-white.jpg","contentUrl":"https:\/\/equitheragir.fr\/wp-content\/uploads\/2024\/10\/RS_facebook-white.jpg","width":1501,"height":1501,"caption":"Logo de l\u2019entreprise \u201cEquither\u2019Agir\u201d, sp\u00e9cialis\u00e9e en \u00e9quith\u00e9rapie et m\u00e9diation \u00e9quine. Le logo repr\u00e9sente un cheval stylis\u00e9 de profil, qui semble interagir affectueusement avec une personne. Le nom de l\u2019entreprise est inscrit \u00e0 droite, avec \u201c\u00c9quither\u2019\u201d en lettres bleues majuscules et \u201cagir\u201d en lettres cursives jaunes."},{"@type":"BreadcrumbList","@id":"https:\/\/equitheragir.fr\/index.php\/se-contacter\/#breadcrumb","itemListElement":[{"@type":"ListItem","position":1,"name":"Accueil","item":"https:\/\/equitheragir.fr\/"},{"@type":"ListItem","position":2,"name":"Contact"}]},{"@type":"WebSite","@id":"https:\/\/equitheragir.fr\/#website","url":"https:\/\/equitheragir.fr\/","name":"Equither'agir","description":"\u00c9quith\u00e9rapie et M\u00e9diation \u00c9quine","publisher":{"@id":"https:\/\/equitheragir.fr\/#organization"},"potentialAction":[{"@type":"SearchAction","target":{"@type":"EntryPoint","urlTemplate":"https:\/\/equitheragir.fr\/?s={search_term_string}"},"query-input":{"@type":"PropertyValueSpecification","valueRequired":true,"valueName":"search_term_string"}}],"inLanguage":"fr-FR"},{"@type":"Organization","@id":"https:\/\/equitheragir.fr\/#organization","name":"Equither'agir","url":"https:\/\/equitheragir.fr\/","logo":{"@type":"ImageObject","inLanguage":"fr-FR","@id":"https:\/\/equitheragir.fr\/#\/schema\/logo\/image\/","url":"https:\/\/equitheragir.fr\/wp-content\/uploads\/2024\/10\/cropped-RS_facebook-white.jpg","contentUrl":"https:\/\/equitheragir.fr\/wp-content\/uploads\/2024\/10\/cropped-RS_facebook-white.jpg","width":512,"height":512,"caption":"Equither'agir"},"image":{"@id":"https:\/\/equitheragir.fr\/#\/schema\/logo\/image\/"}}]}},"_links":{"self":[{"href":"https:\/\/equitheragir.fr\/index.php\/wp-json\/wp\/v2\/pages\/2","targetHints":{"allow":["GET"]}}],"collection":[{"href":"https:\/\/equitheragir.fr\/index.php\/wp-json\/wp\/v2\/pages"}],"about":[{"href":"https:\/\/equitheragir.fr\/index.php\/wp-json\/wp\/v2\/types\/page"}],"author":[{"embeddable":true,"href":"https:\/\/equitheragir.fr\/index.php\/wp-json\/wp\/v2\/users\/1"}],"replies":[{"embeddable":true,"href":"https:\/\/equitheragir.fr\/index.php\/wp-json\/wp\/v2\/comments?post=2"}],"version-history":[{"count":3,"href":"https:\/\/equitheragir.fr\/index.php\/wp-json\/wp\/v2\/pages\/2\/revisions"}],"predecessor-version":[{"id":62,"href":"https:\/\/equitheragir.fr\/index.php\/wp-json\/wp\/v2\/pages\/2\/revisions\/62"}],"wp:attachment":[{"href":"https:\/\/equitheragir.fr\/index.php\/wp-json\/wp\/v2\/media?parent=2"}],"curies":[{"name":"wp","href":"https:\/\/api.w.org\/{rel}","templated":true}]}}