{"id":303,"date":"2026-01-06T14:48:24","date_gmt":"2026-01-06T13:48:24","guid":{"rendered":"https:\/\/equitheragir.fr\/?page_id=303"},"modified":"2026-01-06T14:48:25","modified_gmt":"2026-01-06T13:48:25","slug":"mentions-legales","status":"publish","type":"page","link":"https:\/\/equitheragir.fr\/index.php\/mentions-legales\/","title":{"rendered":"Mentions l\u00e9gales"},"content":{"rendered":"\n<div class=\"wp-block-group alignfull has-base-background-color has-background has-global-padding is-layout-constrained wp-container-core-group-is-layout-d89aad35 wp-block-group-is-layout-constrained\" style=\"margin-top:0;margin-bottom:0;padding-top:var(--wp--preset--spacing--50);padding-right:var(--wp--preset--spacing--50);padding-bottom:var(--wp--preset--spacing--50);padding-left:var(--wp--preset--spacing--50)\">\n<p><strong>Edition du site<\/strong><\/p>\n\n\n\n<p>Le pr\u00e9sent site, accessible \u00e0 l\u2019URL equitheragir.fr, est \u00e9dit\u00e9 par :<\/p>\n\n\n\n<p>Elodie Jean, r\u00e9sidant 27120 Le Plessis-H\u00e9bert, de nationalit\u00e9 Fran\u00e7aise (France), n\u00e9(e) le 20\/05\/1980.<\/p>\n\n\n\n<p><strong>H\u00e9bergement<\/strong><\/p>\n\n\n\n<p>Le site est h\u00e9berg\u00e9 par la soci\u00e9t\u00e9 OVH, situ\u00e9e 2 rue Kellermann &#8211; 59100 Roubaix &#8211; France<\/p>\n\n\n\n<p>Contacter <a href=\"https:\/\/help.ovhcloud.com\/csm?id=contact_us_ovh&amp;_gl=11hiioi_gcl_au*MTc5NzExMDk5MS4xNzY3NTM3OTk4\">OVH Cloud<\/a><\/p>\n\n\n\n<p>Site internet : <a href=\"https:\/\/www.ovh.com\">https:\/\/www.ovh.com<\/a><\/p>\n\n\n\n<p><strong>Directeur de publication<\/strong><\/p>\n\n\n\n<p>Le Directeur de la publication de ce site est Elodie Jean.<\/p>\n\n\n\n<p><strong>Nous contacter<\/strong><\/p>\n\n\n\n<p>Par e-mail : <a href=\"mailto:contact@equitheragir.fr\">contact@equitheragir.fr<\/a><\/p>\n\n\n\n<p>Par t\u00e9l\u00e9phone : 07 87 85 06 01<\/p>\n<\/div>\n","protected":false},"excerpt":{"rendered":"<p>Edition du site Le pr\u00e9sent site, accessible \u00e0 l\u2019URL equitheragir.fr, est \u00e9dit\u00e9 par : Elodie Jean, r\u00e9sidant 27120 Le Plessis-H\u00e9bert, de nationalit\u00e9 Fran\u00e7aise (France), n\u00e9(e) le 20\/05\/1980. H\u00e9bergement Le site est h\u00e9berg\u00e9 par la soci\u00e9t\u00e9 OVH, situ\u00e9e 2 rue Kellermann &#8211; 59100 Roubaix &#8211; France Contacter OVH Cloud Site internet : https:\/\/www.ovh.com Directeur de publication [&hellip;]<\/p>\n","protected":false},"author":1,"featured_media":0,"parent":0,"menu_order":0,"comment_status":"closed","ping_status":"closed","template":"","meta":{"footnotes":""},"class_list":["post-303","page","type-page","status-publish","hentry"],"yoast_head":"<!-- This site is optimized with the Yoast SEO plugin v23.6 - https:\/\/yoast.com\/wordpress\/plugins\/seo\/ -->\n<title>Mentions l\u00e9gales - \u00c9quith\u00e9r&#039;Agir<\/title>\n<meta name=\"robots\" content=\"index, follow, max-snippet:-1, max-image-preview:large, max-video-preview:-1\" \/>\n<link rel=\"canonical\" href=\"https:\/\/equitheragir.fr\/index.php\/mentions-legales\/\" \/>\n<meta property=\"og:locale\" content=\"fr_FR\" \/>\n<meta property=\"og:type\" content=\"article\" \/>\n<meta property=\"og:title\" content=\"Mentions l\u00e9gales - \u00c9quith\u00e9r&#039;Agir\" \/>\n<meta property=\"og:description\" content=\"Edition du site Le pr\u00e9sent site, accessible \u00e0 l\u2019URL equitheragir.fr, est \u00e9dit\u00e9 par : Elodie Jean, r\u00e9sidant 27120 Le Plessis-H\u00e9bert, de nationalit\u00e9 Fran\u00e7aise (France), n\u00e9(e) le 20\/05\/1980. H\u00e9bergement Le site est h\u00e9berg\u00e9 par la soci\u00e9t\u00e9 OVH, situ\u00e9e 2 rue Kellermann &#8211; 59100 Roubaix &#8211; France Contacter OVH Cloud Site internet : https:\/\/www.ovh.com Directeur de publication [&hellip;]\" \/>\n<meta property=\"og:url\" content=\"https:\/\/equitheragir.fr\/index.php\/mentions-legales\/\" \/>\n<meta property=\"og:site_name\" content=\"\u00c9quith\u00e9r&#039;Agir\" \/>\n<meta property=\"article:modified_time\" content=\"2026-01-06T13:48:25+00:00\" \/>\n<meta name=\"twitter:card\" content=\"summary_large_image\" \/>\n<meta name=\"twitter:label1\" content=\"Dur\u00e9e de lecture estim\u00e9e\" \/>\n\t<meta name=\"twitter:data1\" content=\"1 minute\" \/>\n<script type=\"application\/ld+json\" class=\"yoast-schema-graph\">{\"@context\":\"https:\/\/schema.org\",\"@graph\":[{\"@type\":\"WebPage\",\"@id\":\"https:\/\/equitheragir.fr\/index.php\/mentions-legales\/\",\"url\":\"https:\/\/equitheragir.fr\/index.php\/mentions-legales\/\",\"name\":\"Mentions l\u00e9gales - \u00c9quith\u00e9r&#039;Agir\",\"isPartOf\":{\"@id\":\"https:\/\/equitheragir.fr\/#website\"},\"datePublished\":\"2026-01-06T13:48:24+00:00\",\"dateModified\":\"2026-01-06T13:48:25+00:00\",\"breadcrumb\":{\"@id\":\"https:\/\/equitheragir.fr\/index.php\/mentions-legales\/#breadcrumb\"},\"inLanguage\":\"fr-FR\",\"potentialAction\":[{\"@type\":\"ReadAction\",\"target\":[\"https:\/\/equitheragir.fr\/index.php\/mentions-legales\/\"]}]},{\"@type\":\"BreadcrumbList\",\"@id\":\"https:\/\/equitheragir.fr\/index.php\/mentions-legales\/#breadcrumb\",\"itemListElement\":[{\"@type\":\"ListItem\",\"position\":1,\"name\":\"Accueil\",\"item\":\"https:\/\/equitheragir.fr\/\"},{\"@type\":\"ListItem\",\"position\":2,\"name\":\"Mentions l\u00e9gales\"}]},{\"@type\":\"WebSite\",\"@id\":\"https:\/\/equitheragir.fr\/#website\",\"url\":\"https:\/\/equitheragir.fr\/\",\"name\":\"Equither'agir\",\"description\":\"\u00c9quith\u00e9rapie et M\u00e9diation \u00c9quine\",\"publisher\":{\"@id\":\"https:\/\/equitheragir.fr\/#organization\"},\"potentialAction\":[{\"@type\":\"SearchAction\",\"target\":{\"@type\":\"EntryPoint\",\"urlTemplate\":\"https:\/\/equitheragir.fr\/?s={search_term_string}\"},\"query-input\":{\"@type\":\"PropertyValueSpecification\",\"valueRequired\":true,\"valueName\":\"search_term_string\"}}],\"inLanguage\":\"fr-FR\"},{\"@type\":\"Organization\",\"@id\":\"https:\/\/equitheragir.fr\/#organization\",\"name\":\"Equither'agir\",\"url\":\"https:\/\/equitheragir.fr\/\",\"logo\":{\"@type\":\"ImageObject\",\"inLanguage\":\"fr-FR\",\"@id\":\"https:\/\/equitheragir.fr\/#\/schema\/logo\/image\/\",\"url\":\"https:\/\/equitheragir.fr\/wp-content\/uploads\/2024\/10\/cropped-RS_facebook-white.jpg\",\"contentUrl\":\"https:\/\/equitheragir.fr\/wp-content\/uploads\/2024\/10\/cropped-RS_facebook-white.jpg\",\"width\":512,\"height\":512,\"caption\":\"Equither'agir\"},\"image\":{\"@id\":\"https:\/\/equitheragir.fr\/#\/schema\/logo\/image\/\"}}]}<\/script>\n<!-- \/ Yoast SEO plugin. -->","yoast_head_json":{"title":"Mentions l\u00e9gales - \u00c9quith\u00e9r&#039;Agir","robots":{"index":"index","follow":"follow","max-snippet":"max-snippet:-1","max-image-preview":"max-image-preview:large","max-video-preview":"max-video-preview:-1"},"canonical":"https:\/\/equitheragir.fr\/index.php\/mentions-legales\/","og_locale":"fr_FR","og_type":"article","og_title":"Mentions l\u00e9gales - \u00c9quith\u00e9r&#039;Agir","og_description":"Edition du site Le pr\u00e9sent site, accessible \u00e0 l\u2019URL equitheragir.fr, est \u00e9dit\u00e9 par : Elodie Jean, r\u00e9sidant 27120 Le Plessis-H\u00e9bert, de nationalit\u00e9 Fran\u00e7aise (France), n\u00e9(e) le 20\/05\/1980. H\u00e9bergement Le site est h\u00e9berg\u00e9 par la soci\u00e9t\u00e9 OVH, situ\u00e9e 2 rue Kellermann &#8211; 59100 Roubaix &#8211; France Contacter OVH Cloud Site internet : https:\/\/www.ovh.com Directeur de publication [&hellip;]","og_url":"https:\/\/equitheragir.fr\/index.php\/mentions-legales\/","og_site_name":"\u00c9quith\u00e9r&#039;Agir","article_modified_time":"2026-01-06T13:48:25+00:00","twitter_card":"summary_large_image","twitter_misc":{"Dur\u00e9e de lecture estim\u00e9e":"1 minute"},"schema":{"@context":"https:\/\/schema.org","@graph":[{"@type":"WebPage","@id":"https:\/\/equitheragir.fr\/index.php\/mentions-legales\/","url":"https:\/\/equitheragir.fr\/index.php\/mentions-legales\/","name":"Mentions l\u00e9gales - \u00c9quith\u00e9r&#039;Agir","isPartOf":{"@id":"https:\/\/equitheragir.fr\/#website"},"datePublished":"2026-01-06T13:48:24+00:00","dateModified":"2026-01-06T13:48:25+00:00","breadcrumb":{"@id":"https:\/\/equitheragir.fr\/index.php\/mentions-legales\/#breadcrumb"},"inLanguage":"fr-FR","potentialAction":[{"@type":"ReadAction","target":["https:\/\/equitheragir.fr\/index.php\/mentions-legales\/"]}]},{"@type":"BreadcrumbList","@id":"https:\/\/equitheragir.fr\/index.php\/mentions-legales\/#breadcrumb","itemListElement":[{"@type":"ListItem","position":1,"name":"Accueil","item":"https:\/\/equitheragir.fr\/"},{"@type":"ListItem","position":2,"name":"Mentions l\u00e9gales"}]},{"@type":"WebSite","@id":"https:\/\/equitheragir.fr\/#website","url":"https:\/\/equitheragir.fr\/","name":"Equither'agir","description":"\u00c9quith\u00e9rapie et M\u00e9diation \u00c9quine","publisher":{"@id":"https:\/\/equitheragir.fr\/#organization"},"potentialAction":[{"@type":"SearchAction","target":{"@type":"EntryPoint","urlTemplate":"https:\/\/equitheragir.fr\/?s={search_term_string}"},"query-input":{"@type":"PropertyValueSpecification","valueRequired":true,"valueName":"search_term_string"}}],"inLanguage":"fr-FR"},{"@type":"Organization","@id":"https:\/\/equitheragir.fr\/#organization","name":"Equither'agir","url":"https:\/\/equitheragir.fr\/","logo":{"@type":"ImageObject","inLanguage":"fr-FR","@id":"https:\/\/equitheragir.fr\/#\/schema\/logo\/image\/","url":"https:\/\/equitheragir.fr\/wp-content\/uploads\/2024\/10\/cropped-RS_facebook-white.jpg","contentUrl":"https:\/\/equitheragir.fr\/wp-content\/uploads\/2024\/10\/cropped-RS_facebook-white.jpg","width":512,"height":512,"caption":"Equither'agir"},"image":{"@id":"https:\/\/equitheragir.fr\/#\/schema\/logo\/image\/"}}]}},"_links":{"self":[{"href":"https:\/\/equitheragir.fr\/index.php\/wp-json\/wp\/v2\/pages\/303","targetHints":{"allow":["GET"]}}],"collection":[{"href":"https:\/\/equitheragir.fr\/index.php\/wp-json\/wp\/v2\/pages"}],"about":[{"href":"https:\/\/equitheragir.fr\/index.php\/wp-json\/wp\/v2\/types\/page"}],"author":[{"embeddable":true,"href":"https:\/\/equitheragir.fr\/index.php\/wp-json\/wp\/v2\/users\/1"}],"replies":[{"embeddable":true,"href":"https:\/\/equitheragir.fr\/index.php\/wp-json\/wp\/v2\/comments?post=303"}],"version-history":[{"count":6,"href":"https:\/\/equitheragir.fr\/index.php\/wp-json\/wp\/v2\/pages\/303\/revisions"}],"predecessor-version":[{"id":316,"href":"https:\/\/equitheragir.fr\/index.php\/wp-json\/wp\/v2\/pages\/303\/revisions\/316"}],"wp:attachment":[{"href":"https:\/\/equitheragir.fr\/index.php\/wp-json\/wp\/v2\/media?parent=303"}],"curies":[{"name":"wp","href":"https:\/\/api.w.org\/{rel}","templated":true}]}}